{"id":23,"date":"2026-05-02T13:02:31","date_gmt":"2026-05-02T13:02:31","guid":{"rendered":"https:\/\/mentionhub.cz\/?page_id=23"},"modified":"2026-05-02T13:02:31","modified_gmt":"2026-05-02T13:02:31","slug":"registrace","status":"publish","type":"page","link":"https:\/\/mentionhub.cz\/?page_id=23","title":{"rendered":"Registrace"},"content":{"rendered":"<div class=\"gb-container gb-container-r1\" style=\"max-width:800px;margin:0 auto;text-align:center\"><h1 style=\"font-family:'Outfit';font-weight:900;font-size:48px;margin-bottom:24px\">Tr\u017ei\u0161t\u011b se p\u0159ipravuje<\/h1><p style=\"font-size:18px;line-height:1.7\">Automatick\u00fd syst\u00e9m registrac\u00ed a spr\u00e1vy kampan\u00ed moment\u00e1ln\u011b proch\u00e1z\u00ed z\u00e1v\u011bre\u010dn\u00fdm testov\u00e1n\u00edm. Pokud m\u00e1te z\u00e1jem o spolupr\u00e1ci ji\u017e nyn\u00ed, napi\u0161te n\u00e1m a vy\u0159e\u0161\u00edme v\u0161e nap\u0159\u00edmo.<\/p><br><a href=\"mailto:admin@mentionhub.cz\" class=\"sp-btn\" style=\"padding:16px 36px\">Napsat e-mail<\/a><\/div>","protected":false},"excerpt":{"rendered":"<p>Tr\u017ei\u0161t\u011b se p\u0159ipravuje Automatick\u00fd syst\u00e9m registrac\u00ed a spr\u00e1vy kampan\u00ed moment\u00e1ln\u011b proch\u00e1z\u00ed z\u00e1v\u011bre\u010dn\u00fdm testov\u00e1n\u00edm. Pokud m\u00e1te z\u00e1jem o spolupr\u00e1ci ji\u017e nyn\u00ed, napi\u0161te n\u00e1m a vy\u0159e\u0161\u00edme v\u0161e nap\u0159\u00edmo. Napsat e-mail<\/p>\n","protected":false},"author":0,"featured_media":0,"parent":0,"menu_order":0,"comment_status":"closed","ping_status":"closed","template":"","meta":{"footnotes":""},"class_list":["post-23","page","type-page","status-publish"],"_links":{"self":[{"href":"https:\/\/mentionhub.cz\/index.php?rest_route=\/wp\/v2\/pages\/23","targetHints":{"allow":["GET"]}}],"collection":[{"href":"https:\/\/mentionhub.cz\/index.php?rest_route=\/wp\/v2\/pages"}],"about":[{"href":"https:\/\/mentionhub.cz\/index.php?rest_route=\/wp\/v2\/types\/page"}],"replies":[{"embeddable":true,"href":"https:\/\/mentionhub.cz\/index.php?rest_route=%2Fwp%2Fv2%2Fcomments&post=23"}],"version-history":[{"count":0,"href":"https:\/\/mentionhub.cz\/index.php?rest_route=\/wp\/v2\/pages\/23\/revisions"}],"wp:attachment":[{"href":"https:\/\/mentionhub.cz\/index.php?rest_route=%2Fwp%2Fv2%2Fmedia&parent=23"}],"curies":[{"name":"wp","href":"https:\/\/api.w.org\/{rel}","templated":true}]}}